{"id":25979790,"date":"2026-04-15T22:31:28","date_gmt":"2026-04-15T22:31:28","guid":{"rendered":"https:\/\/macizocolombia.com\/remodelacion-de-espacios\/?page_id=25979790"},"modified":"2026-04-17T00:51:17","modified_gmt":"2026-04-17T00:51:17","slug":"banos","status":"publish","type":"page","link":"https:\/\/macizocolombia.com\/remodelacion-de-espacios\/banos\/","title":{"rendered":"Ba\u00f1os"},"content":{"rendered":"\n[et_pb_section fb_built=&#8221;1&#8243; _builder_version=&#8221;4.27.6&#8243; _module_preset=&#8221;default&#8221; use_background_color_gradient=&#8221;on&#8221; background_color_gradient_stops=&#8221;rgba(0,0,0,0.8) 0%|rgba(255,255,255,0) 30%&#8221; background_image=&#8221;https:\/\/macizocolombia.com\/remodelacion-de-espacios\/wp-content\/uploads\/2026\/04\/3.webp&#8221; background_blend=&#8221;overlay&#8221; height=&#8221;80vh&#8221; height_tablet=&#8221;60vh&#8221; height_phone=&#8221;30vh&#8221; height_last_edited=&#8221;on|phone&#8221; global_colors_info=&#8221;{}&#8221;][\/et_pb_section][et_pb_section fb_built=&#8221;1&#8243; _builder_version=&#8221;4.27.6&#8243; _module_preset=&#8221;default&#8221; global_colors_info=&#8221;{}&#8221;][et_pb_row disabled_on=&#8221;off|off|off&#8221; _builder_version=&#8221;4.27.6&#8243; _module_preset=&#8221;default&#8221; custom_padding=&#8221;||100px||false|false&#8221; global_colors_info=&#8221;{}&#8221;][et_pb_column type=&#8221;4_4&#8243; _builder_version=&#8221;4.27.6&#8243; _module_preset=&#8221;default&#8221; global_colors_info=&#8221;{}&#8221;][et_pb_text _builder_version=&#8221;4.27.6&#8243; _module_preset=&#8221;default&#8221; header_text_align=&#8221;center&#8221; header_text_color=&#8221;#000000&#8243; header_3_text_color=&#8221;#FFF000&#8243; z_index=&#8221;500&#8243; animation_style=&#8221;flip&#8221; global_colors_info=&#8221;{}&#8221;]<div class=\"et_pb_module et_pb_text et_pb_text_0  et_pb_text_align_left et_pb_bg_layout_light\">\n<div class=\"et_pb_text_inner\">\n<h1><b>El ba\u00f1o que transforma tu rutina en bienestar<br \/><\/b><\/h1>\n<\/div>\n<\/div>\n<div class=\"et_pb_module et_pb_text et_pb_text_1  et_pb_text_align_left et_pb_bg_layout_light\">\n<div class=\"et_pb_text_inner\"><\/div>\n<\/div>[\/et_pb_text][et_pb_divider color=&#8221;#FFF000&#8243; _builder_version=&#8221;4.27.6&#8243; _module_preset=&#8221;default&#8221; width=&#8221;20%&#8221; width_tablet=&#8221;20%&#8221; width_phone=&#8221;20%&#8221; width_last_edited=&#8221;on|desktop&#8221; module_alignment=&#8221;center&#8221; global_colors_info=&#8221;{}&#8221;][\/et_pb_divider][et_pb_text _builder_version=&#8221;4.27.6&#8243; _module_preset=&#8221;default&#8221; header_text_color=&#8221;#FFFFFF&#8221; header_3_text_align=&#8221;center&#8221; header_3_text_color=&#8221;#000000&#8243; z_index=&#8221;500&#8243; global_colors_info=&#8221;{}&#8221;]<h3><b>Dise\u00f1o, fabricaci\u00f3n y remodelaci\u00f3n de alto nivel<\/b><b><\/b><\/h3>[\/et_pb_text][et_pb_text _builder_version=&#8221;4.27.6&#8243; _module_preset=&#8221;default&#8221; text_text_color=&#8221;#000000&#8243; text_orientation=&#8221;center&#8221; width=&#8221;60%&#8221; width_tablet=&#8221;80%&#8221; width_phone=&#8221;80%&#8221; width_last_edited=&#8221;on|phone&#8221; module_alignment=&#8221;center&#8221; global_colors_info=&#8221;{}&#8221;]<p><span style=\"font-weight: 400;\">Renueva tu <strong>ba\u00f1o<\/strong> y convi\u00e9rtelo en un espacio dise\u00f1ado para relajarte, desconectar y empezar cada d\u00eda con energ\u00eda.<\/span><span style=\"font-weight: 400;\"><br \/><\/span><b>En Macizo Colombia, creamos experiencias, no solo espacios.<\/b><\/p>[\/et_pb_text][et_pb_button button_text=&#8221;Pide tu Presupuesto Ahora&#8221; button_alignment=&#8221;center&#8221; _builder_version=&#8221;4.27.6&#8243; _module_preset=&#8221;default&#8221; custom_button=&#8221;on&#8221; button_text_size=&#8221;16px&#8221; button_text_color=&#8221;#FFFFFF&#8221; button_bg_color=&#8221;#000000&#8243; button_border_color=&#8221;#000000&#8243; button_font=&#8221;|600|||||||&#8221; button_icon=&#8221;&#x24;||divi||400&#8243; button_icon_color=&#8221;#FFF000&#8243; hover_enabled=&#8221;0&#8243; global_colors_info=&#8221;{}&#8221; button_url=&#8221;https:\/\/api.whatsapp.com\/send\/?phone=573186762167&#038;text=Hola%2C+necesito+m%C3%A1s+informaci%C3%B3n+sobre+sus+servicios+de+remodelaciones+en+www.macizocolombia.com&#038;type=phone_number&#038;app_absent=0&#8243; url_new_window=&#8221;on&#8221; sticky_enabled=&#8221;0&#8243;][\/et_pb_button][\/et_pb_column][\/et_pb_row][et_pb_row column_structure=&#8221;1_2,1_2&#8243; _builder_version=&#8221;4.27.6&#8243; _module_preset=&#8221;default&#8221; max_width=&#8221;100%&#8221; custom_padding=&#8221;50px||||false|false&#8221; global_colors_info=&#8221;{}&#8221;][et_pb_column type=&#8221;1_2&#8243; _builder_version=&#8221;4.27.6&#8243; _module_preset=&#8221;default&#8221; global_colors_info=&#8221;{}&#8221;][et_pb_blurb title=&#8221;Tu propio spa, dise\u00f1ado a la medida&#8221; image=&#8221;https:\/\/macizocolombia.com\/remodelacion-de-espacios\/wp-content\/uploads\/2026\/04\/Macizo-icono-web.webp&#8221; icon_placement_tablet=&#8221;&#8221; icon_placement_phone=&#8221;left&#8221; icon_placement_last_edited=&#8221;on|desktop&#8221; _builder_version=&#8221;4.27.6&#8243; _module_preset=&#8221;default&#8221; header_font=&#8221;|700|||||||&#8221; header_text_align=&#8221;center&#8221; header_font_size=&#8221;20px&#8221; header_text_align_tablet=&#8221;center&#8221; header_text_align_phone=&#8221;left&#8221; header_text_align_last_edited=&#8221;on|phone&#8221; global_colors_info=&#8221;{}&#8221;]<p><span style=\"font-weight: 400;\">El ba\u00f1o dej\u00f3 de ser un espacio funcional para convertirse en un lugar de bienestar. Es ese rinc\u00f3n donde comienzas el d\u00eda y donde puedes desconectarte del mundo.<\/span><\/p>\n<p><span style=\"font-weight: 400;\">En <\/span><b>Macizo Colombia<\/b><span style=\"font-weight: 400;\"> transformamos tu ba\u00f1o en un ambiente sofisticado, c\u00f3modo y totalmente personalizado, integrando dise\u00f1o, tecnolog\u00eda y materiales de alto nivel.<\/span><\/p>\n<p><span style=\"font-weight: 400;\">Creamos espacios que transmiten tranquilidad, orden y elegancia.<\/span><\/p>[\/et_pb_blurb][et_pb_blurb title=&#8221;Dise\u00f1o inteligente para m\u00e1ximo confort&#8221; image=&#8221;https:\/\/macizocolombia.com\/remodelacion-de-espacios\/wp-content\/uploads\/2026\/04\/Macizo-icono-web.webp&#8221; icon_placement_tablet=&#8221;&#8221; icon_placement_phone=&#8221;left&#8221; icon_placement_last_edited=&#8221;on|desktop&#8221; _builder_version=&#8221;4.27.6&#8243; _module_preset=&#8221;default&#8221; header_font=&#8221;|700|||||||&#8221; header_text_align=&#8221;center&#8221; header_font_size=&#8221;20px&#8221; header_text_align_tablet=&#8221;center&#8221; header_text_align_phone=&#8221;left&#8221; header_text_align_last_edited=&#8221;on|phone&#8221; global_colors_info=&#8221;{}&#8221;]<p><span style=\"font-weight: 400;\">Cada proyecto parte de entender c\u00f3mo usas tu espacio. Dise\u00f1amos soluciones que optimizan cada cent\u00edmetro, elevando la experiencia y funcionalidad.<\/span><\/p>\n<p><span style=\"font-weight: 400;\">Te asesoramos en:<\/span><\/p>\n<ul>\n<li style=\"font-weight: 400;\" aria-level=\"1\"><span style=\"font-weight: 400;\"><strong>Distribuci\u00f3n<\/strong> eficiente y ergonom\u00eda\u00a0<\/span><\/li>\n<li style=\"font-weight: 400;\" aria-level=\"1\"><span style=\"font-weight: 400;\"><strong>Revestimientos<\/strong> modernos (porcelanatos, piedra sinterizada, superficies de alta resistencia)\u00a0<\/span><\/li>\n<li style=\"font-weight: 400;\" aria-level=\"1\"><span style=\"font-weight: 400;\"><strong>Mobiliario<\/strong> a medida en madera y melamina RH\u00a0<\/span><\/li>\n<li style=\"font-weight: 400;\" aria-level=\"1\"><span style=\"font-weight: 400;\"><strong>Espejos<\/strong> con iluminaci\u00f3n LED integrada\u00a0<\/span><\/li>\n<li style=\"font-weight: 400;\" aria-level=\"1\"><span style=\"font-weight: 400;\"><strong>Grifer\u00eda<\/strong> y accesorios de alto nivel\u00a0<\/span><\/li>\n<li style=\"font-weight: 400;\" aria-level=\"1\"><span style=\"font-weight: 400;\"><strong>Sistemas<\/strong> de ducha contempor\u00e1neos y seguros\u00a0<\/span><\/li>\n<\/ul>\n<p><span style=\"font-weight: 400;\">Convertimos tu ba\u00f1o en un espacio pr\u00e1ctico, elegante y f\u00e1cil de mantener.<\/span><\/p>[\/et_pb_blurb][\/et_pb_column][et_pb_column type=&#8221;1_2&#8243; _builder_version=&#8221;4.27.6&#8243; _module_preset=&#8221;default&#8221; global_colors_info=&#8221;{}&#8221;][et_pb_blurb title=&#8221;Renovar es evolucionar tu calidad de vida&#8221; image=&#8221;https:\/\/macizocolombia.com\/remodelacion-de-espacios\/wp-content\/uploads\/2026\/04\/Macizo-icono-web.webp&#8221; icon_placement_tablet=&#8221;&#8221; icon_placement_phone=&#8221;left&#8221; icon_placement_last_edited=&#8221;on|desktop&#8221; _builder_version=&#8221;4.27.6&#8243; _module_preset=&#8221;default&#8221; header_font=&#8221;|700|||||||&#8221; header_text_align=&#8221;center&#8221; header_font_size=&#8221;20px&#8221; header_text_align_tablet=&#8221;center&#8221; header_text_align_phone=&#8221;left&#8221; header_text_align_last_edited=&#8221;on|phone&#8221; global_colors_info=&#8221;{}&#8221;]<p><span style=\"font-weight: 400;\">Remodelar tu ba\u00f1o puede responder a muchas necesidades:<\/span><\/p>\n<ul>\n<li style=\"font-weight: 400;\" aria-level=\"1\"><span style=\"font-weight: 400;\"><strong>Actualizar<\/strong> dise\u00f1os antiguos\u00a0<\/span><\/li>\n<li style=\"font-weight: 400;\" aria-level=\"1\"><span style=\"font-weight: 400;\"><strong>Mejorar<\/strong> la limpieza y mantenimiento\u00a0<\/span><\/li>\n<li style=\"font-weight: 400;\" aria-level=\"1\"><span style=\"font-weight: 400;\"><strong>Incrementar<\/strong> la seguridad (duchas a nivel, antideslizantes)\u00a0<\/span><\/li>\n<li style=\"font-weight: 400;\" aria-level=\"1\"><span style=\"font-weight: 400;\"><strong>Optimizar<\/strong> espacios reducidos\u00a0<\/span><\/li>\n<li style=\"font-weight: 400;\" aria-level=\"1\"><span style=\"font-weight: 400;\"><strong>Aumentar<\/strong> el valor de tu propiedad\u00a0<\/span><\/li>\n<\/ul>\n<p><span style=\"font-weight: 400;\">Sea cual sea tu objetivo, en <\/span><b>Macizo Colombia<\/b><span style=\"font-weight: 400;\"> lo llevamos a un resultado superior.<\/span><\/p>[\/et_pb_blurb][et_pb_blurb title=&#8221;Producci\u00f3n propia, acabados impecables&#8221; image=&#8221;https:\/\/macizocolombia.com\/remodelacion-de-espacios\/wp-content\/uploads\/2026\/04\/Macizo-icono-web.webp&#8221; icon_placement_tablet=&#8221;&#8221; icon_placement_phone=&#8221;left&#8221; icon_placement_last_edited=&#8221;on|desktop&#8221; _builder_version=&#8221;4.27.6&#8243; _module_preset=&#8221;default&#8221; header_font=&#8221;|700|||||||&#8221; header_text_align=&#8221;center&#8221; header_font_size=&#8221;20px&#8221; header_text_align_tablet=&#8221;center&#8221; header_text_align_phone=&#8221;left&#8221; header_text_align_last_edited=&#8221;on|phone&#8221; global_colors_info=&#8221;{}&#8221;]<p><span style=\"font-weight: 400;\">Gracias a nuestra fabricaci\u00f3n interna, garantizamos:<\/span><\/p>\n<ul>\n<li style=\"font-weight: 400;\" aria-level=\"1\"><span style=\"font-weight: 400;\"><strong>Precisi\u00f3n<\/strong> en cada detalle\u00a0<\/span><\/li>\n<li style=\"font-weight: 400;\" aria-level=\"1\"><span style=\"font-weight: 400;\"><strong>Integraci\u00f3n<\/strong> perfecta de mobiliario y arquitectura\u00a0<\/span><\/li>\n<li style=\"font-weight: 400;\" aria-level=\"1\"><span style=\"font-weight: 400;\"><strong>Materiales<\/strong> durables y resistentes a la humedad\u00a0<\/span><\/li>\n<li style=\"font-weight: 400;\" aria-level=\"1\"><span style=\"font-weight: 400;\"><strong>Instalaci\u00f3n<\/strong> profesional\u00a0<\/span><\/li>\n<\/ul>\n<p><span style=\"font-weight: 400;\">Cada ba\u00f1o es desarrollado como un proyecto integral, cuidando est\u00e9tica y funcionalidad.<\/span><\/p>[\/et_pb_blurb][\/et_pb_column][\/et_pb_row][\/et_pb_section][et_pb_section fb_built=&#8221;1&#8243; _builder_version=&#8221;4.27.6&#8243; _module_preset=&#8221;default&#8221; global_colors_info=&#8221;{}&#8221;][et_pb_row column_structure=&#8221;1_4,1_4,1_4,1_4&#8243; use_custom_gutter=&#8221;on&#8221; gutter_width=&#8221;1&#8243; _builder_version=&#8221;4.27.6&#8243; _module_preset=&#8221;default&#8221; width=&#8221;100%&#8221; max_width=&#8221;100%&#8221; global_colors_info=&#8221;{}&#8221;][et_pb_column type=&#8221;1_4&#8243; _builder_version=&#8221;4.27.6&#8243; _module_preset=&#8221;default&#8221; global_colors_info=&#8221;{}&#8221;][et_pb_image src=&#8221;https:\/\/macizocolombia.com\/remodelacion-de-espacios\/wp-content\/uploads\/2026\/04\/Muebles-de-Bano-Macizo-4.webp&#8221; title_text=&#8221;Muebles de Ba\u00f1o Macizo (4)&#8221; _builder_version=&#8221;4.27.6&#8243; _module_preset=&#8221;default&#8221; global_colors_info=&#8221;{}&#8221;][\/et_pb_image][\/et_pb_column][et_pb_column type=&#8221;1_4&#8243; _builder_version=&#8221;4.27.6&#8243; _module_preset=&#8221;default&#8221; global_colors_info=&#8221;{}&#8221;][et_pb_image src=&#8221;https:\/\/macizocolombia.com\/remodelacion-de-espacios\/wp-content\/uploads\/2026\/04\/Muebles-de-Bano-Macizo-3.webp&#8221; title_text=&#8221;Muebles de Ba\u00f1o Macizo (3)&#8221; _builder_version=&#8221;4.27.6&#8243; _module_preset=&#8221;default&#8221; global_colors_info=&#8221;{}&#8221;][\/et_pb_image][\/et_pb_column][et_pb_column type=&#8221;1_4&#8243; _builder_version=&#8221;4.27.6&#8243; _module_preset=&#8221;default&#8221; global_colors_info=&#8221;{}&#8221;][et_pb_image src=&#8221;https:\/\/macizocolombia.com\/remodelacion-de-espacios\/wp-content\/uploads\/2026\/04\/Muebles-de-Bano-Macizo-2.webp&#8221; title_text=&#8221;Muebles de Ba\u00f1o Macizo (2)&#8221; _builder_version=&#8221;4.27.6&#8243; _module_preset=&#8221;default&#8221; global_colors_info=&#8221;{}&#8221;][\/et_pb_image][\/et_pb_column][et_pb_column type=&#8221;1_4&#8243; _builder_version=&#8221;4.27.6&#8243; _module_preset=&#8221;default&#8221; global_colors_info=&#8221;{}&#8221;][et_pb_image src=&#8221;https:\/\/macizocolombia.com\/remodelacion-de-espacios\/wp-content\/uploads\/2026\/04\/Muebles-de-Bano-Macizo.webp&#8221; title_text=&#8221;Muebles de Ba\u00f1o Macizo&#8221; _builder_version=&#8221;4.27.6&#8243; _module_preset=&#8221;default&#8221; global_colors_info=&#8221;{}&#8221;][\/et_pb_image][\/et_pb_column][\/et_pb_row][\/et_pb_section][et_pb_section fb_built=&#8221;1&#8243; _builder_version=&#8221;4.27.6&#8243; _module_preset=&#8221;default&#8221; global_colors_info=&#8221;{}&#8221;][et_pb_row _builder_version=&#8221;4.27.6&#8243; _module_preset=&#8221;default&#8221; global_colors_info=&#8221;{}&#8221;][et_pb_column type=&#8221;4_4&#8243; _builder_version=&#8221;4.27.6&#8243; _module_preset=&#8221;default&#8221; global_colors_info=&#8221;{}&#8221;][et_pb_text _builder_version=&#8221;4.27.6&#8243; _module_preset=&#8221;default&#8221; text_orientation=&#8221;center&#8221; global_colors_info=&#8221;{}&#8221;]<h3><b>Una remodelaci\u00f3n sin estr\u00e9s, con respaldo profesional<br \/><\/b><\/h3>\n<p><span style=\"font-weight: 400;\">En <\/span><b>Macizo Colombia<\/b><span style=\"font-weight: 400;\"> entendemos que una remodelaci\u00f3n debe ser una experiencia positiva, por eso te ofrecemos:<\/span><\/p>[\/et_pb_text][et_pb_divider color=&#8221;#FFF000&#8243; _builder_version=&#8221;4.27.6&#8243; _module_preset=&#8221;default&#8221; global_colors_info=&#8221;{}&#8221;][\/et_pb_divider][\/et_pb_column][\/et_pb_row][et_pb_row column_structure=&#8221;1_2,1_2&#8243; _builder_version=&#8221;4.27.6&#8243; _module_preset=&#8221;default&#8221; global_colors_info=&#8221;{}&#8221;][et_pb_column type=&#8221;1_2&#8243; _builder_version=&#8221;4.27.6&#8243; _module_preset=&#8221;default&#8221; global_colors_info=&#8221;{}&#8221;][et_pb_blurb title=&#8221;Transparencia total en tu inversi\u00f3n&#8221; image=&#8221;https:\/\/macizocolombia.com\/remodelacion-de-espacios\/wp-content\/uploads\/2026\/04\/contabilidad-100.webp&#8221; image_icon_width=&#8221;60%&#8221; icon_placement_tablet=&#8221;&#8221; icon_placement_phone=&#8221;left&#8221; icon_placement_last_edited=&#8221;on|desktop&#8221; image_icon_width_tablet=&#8221;60%&#8221; image_icon_width_phone=&#8221;100%&#8221; image_icon_width_last_edited=&#8221;on|phone&#8221; _builder_version=&#8221;4.27.6&#8243; _module_preset=&#8221;default&#8221; header_font=&#8221;|700|||||||&#8221; header_text_align=&#8221;center&#8221; header_font_size=&#8221;20px&#8221; header_text_align_tablet=&#8221;center&#8221; header_text_align_phone=&#8221;left&#8221; header_text_align_last_edited=&#8221;on|phone&#8221; text_orientation_tablet=&#8221;center&#8221; text_orientation_phone=&#8221;left&#8221; text_orientation_last_edited=&#8221;on|phone&#8221; global_colors_info=&#8221;{}&#8221;]<p><span style=\"font-weight: 400;\">Desde el inicio tendr\u00e1s claridad en costos, materiales y alcance del proyecto. Sin sorpresas.<\/span><\/p>[\/et_pb_blurb][et_pb_blurb title=&#8221;Garant\u00eda y respaldo&#8221; image=&#8221;https:\/\/macizocolombia.com\/remodelacion-de-espacios\/wp-content\/uploads\/2026\/04\/garantia-100.webp&#8221; image_icon_width=&#8221;60%&#8221; icon_placement_tablet=&#8221;&#8221; icon_placement_phone=&#8221;left&#8221; icon_placement_last_edited=&#8221;on|desktop&#8221; image_icon_width_tablet=&#8221;60%&#8221; image_icon_width_phone=&#8221;100%&#8221; image_icon_width_last_edited=&#8221;on|phone&#8221; _builder_version=&#8221;4.27.6&#8243; _module_preset=&#8221;default&#8221; header_font=&#8221;|700|||||||&#8221; header_text_align=&#8221;center&#8221; header_font_size=&#8221;20px&#8221; text_orientation=&#8221;center&#8221; header_text_align_tablet=&#8221;center&#8221; header_text_align_phone=&#8221;left&#8221; header_text_align_last_edited=&#8221;on|phone&#8221; text_orientation_tablet=&#8221;center&#8221; text_orientation_phone=&#8221;left&#8221; text_orientation_last_edited=&#8221;on|desktop&#8221; global_colors_info=&#8221;{}&#8221;]<p><span style=\"font-weight: 400;\">Respaldamos la calidad de nuestros materiales y procesos, asegurando durabilidad y confianza en cada detalle.<\/span><\/p>[\/et_pb_blurb][\/et_pb_column][et_pb_column type=&#8221;1_2&#8243; _builder_version=&#8221;4.27.6&#8243; _module_preset=&#8221;default&#8221; global_colors_info=&#8221;{}&#8221;][et_pb_blurb title=&#8221;Facilidades de pago&#8221; image=&#8221;https:\/\/macizocolombia.com\/remodelacion-de-espacios\/wp-content\/uploads\/2026\/04\/tarjeta-en-uso-100.webp&#8221; image_icon_width=&#8221;70%&#8221; icon_placement_tablet=&#8221;&#8221; icon_placement_phone=&#8221;left&#8221; icon_placement_last_edited=&#8221;on|desktop&#8221; image_icon_width_tablet=&#8221;70%&#8221; image_icon_width_phone=&#8221;100%&#8221; image_icon_width_last_edited=&#8221;on|phone&#8221; _builder_version=&#8221;4.27.6&#8243; _module_preset=&#8221;default&#8221; header_font=&#8221;|700|||||||&#8221; header_text_align=&#8221;center&#8221; header_font_size=&#8221;20px&#8221; text_orientation=&#8221;center&#8221; header_text_align_tablet=&#8221;center&#8221; header_text_align_phone=&#8221;left&#8221; header_text_align_last_edited=&#8221;on|phone&#8221; text_orientation_tablet=&#8221;center&#8221; text_orientation_phone=&#8221;left&#8221; text_orientation_last_edited=&#8221;on|phone&#8221; global_colors_info=&#8221;{}&#8221;]<p><span style=\"font-weight: 400;\">Te orientamos para estructurar la mejor forma de inversi\u00f3n seg\u00fan tu proyecto.<\/span><\/p>[\/et_pb_blurb][et_pb_blurb title=&#8221;Cumplimiento en tiempos&#8221; image=&#8221;https:\/\/macizocolombia.com\/remodelacion-de-espacios\/wp-content\/uploads\/2026\/04\/calendario-100.webp&#8221; image_icon_width=&#8221;50%&#8221; icon_placement_tablet=&#8221;&#8221; icon_placement_phone=&#8221;left&#8221; icon_placement_last_edited=&#8221;on|desktop&#8221; image_icon_width_tablet=&#8221;50%&#8221; image_icon_width_phone=&#8221;90%&#8221; image_icon_width_last_edited=&#8221;on|phone&#8221; _builder_version=&#8221;4.27.6&#8243; _module_preset=&#8221;default&#8221; header_font=&#8221;|700|||||||&#8221; header_text_align=&#8221;center&#8221; header_font_size=&#8221;20px&#8221; text_orientation=&#8221;center&#8221; header_text_align_tablet=&#8221;center&#8221; header_text_align_phone=&#8221;left&#8221; header_text_align_last_edited=&#8221;on|phone&#8221; text_orientation_tablet=&#8221;center&#8221; text_orientation_phone=&#8221;left&#8221; text_orientation_last_edited=&#8221;on|phone&#8221; global_colors_info=&#8221;{}&#8221;]<p><span style=\"font-weight: 400;\">Trabajamos con cronogramas definidos para garantizar entregas oportunas.<\/span><\/p>[\/et_pb_blurb][\/et_pb_column][\/et_pb_row][\/et_pb_section][et_pb_section fb_built=&#8221;1&#8243; _builder_version=&#8221;4.27.6&#8243; _module_preset=&#8221;default&#8221; global_colors_info=&#8221;{}&#8221;][et_pb_row column_structure=&#8221;1_2,1_2&#8243; _builder_version=&#8221;4.27.6&#8243; _module_preset=&#8221;default&#8221; global_colors_info=&#8221;{}&#8221;][et_pb_column type=&#8221;1_2&#8243; _builder_version=&#8221;4.27.6&#8243; _module_preset=&#8221;default&#8221; custom_padding=&#8221;50px||||false|false&#8221; custom_padding_tablet=&#8221;0px||||false|false&#8221; custom_padding_phone=&#8221;0px||||false|false&#8221; custom_padding_last_edited=&#8221;on|phone&#8221; global_colors_info=&#8221;{}&#8221;][et_pb_image src=&#8221;https:\/\/macizocolombia.com\/remodelacion-de-espacios\/wp-content\/uploads\/2026\/04\/Muebles-de-Bano-Macizo-3.webp&#8221; title_text=&#8221;Muebles de Ba\u00f1o Macizo (3)&#8221; _builder_version=&#8221;4.27.6&#8243; _module_preset=&#8221;default&#8221; scroll_vertical_motion_enable=&#8221;on&#8221; scroll_vertical_motion=&#8221;0|50|50|100|0.5|0|-0.5&#8243; global_colors_info=&#8221;{}&#8221;][\/et_pb_image][\/et_pb_column][et_pb_column type=&#8221;1_2&#8243; _builder_version=&#8221;4.27.6&#8243; _module_preset=&#8221;default&#8221; background_color=&#8221;#FFF000&#8243; custom_padding=&#8221;100px|30px|100px|30px|true|true&#8221; global_colors_info=&#8221;{}&#8221;][et_pb_text _builder_version=&#8221;4.27.6&#8243; _module_preset=&#8221;default&#8221; text_orientation=&#8221;center&#8221; global_colors_info=&#8221;{}&#8221;]<h3><b>Convierte tu ba\u00f1o en una experiencia diaria<\/p>\n<p><\/b><\/h3>\n<p><span style=\"font-weight: 400;\">Ya no necesitas salir de casa para sentirte en un spa.<\/span><span style=\"font-weight: 400;\"><br \/><\/span><span style=\"font-weight: 400;\">Nosotros lo dise\u00f1amos para ti.<\/span><\/p>\n<p><b>En Macizo Colombia, elevamos tu forma de vivir los espacios.<\/b><\/p>[\/et_pb_text][et_pb_button button_text=&#8221;Pide tu Presupuesto Ahora&#8221; button_alignment=&#8221;center&#8221; _builder_version=&#8221;4.27.6&#8243; _module_preset=&#8221;default&#8221; custom_button=&#8221;on&#8221; button_text_size=&#8221;16px&#8221; button_text_color=&#8221;#FFFFFF&#8221; button_bg_color=&#8221;#000000&#8243; button_border_color=&#8221;#000000&#8243; button_font=&#8221;|600|||||||&#8221; button_icon=&#8221;&#x24;||divi||400&#8243; button_icon_color=&#8221;#FFF000&#8243; hover_enabled=&#8221;0&#8243; locked=&#8221;off&#8221; global_colors_info=&#8221;{}&#8221; button_url=&#8221;https:\/\/api.whatsapp.com\/send\/?phone=573186762167&#038;text=Hola%2C+necesito+m%C3%A1s+informaci%C3%B3n+sobre+sus+servicios+de+remodelaciones+en+www.macizocolombia.com&#038;type=phone_number&#038;app_absent=0&#8243; url_new_window=&#8221;on&#8221; sticky_enabled=&#8221;0&#8243;][\/et_pb_button][\/et_pb_column][\/et_pb_row][et_pb_row _builder_version=&#8221;4.27.6&#8243; _module_preset=&#8221;default&#8221; global_colors_info=&#8221;{}&#8221;][et_pb_column type=&#8221;4_4&#8243; _builder_version=&#8221;4.27.6&#8243; _module_preset=&#8221;default&#8221; global_colors_info=&#8221;{}&#8221;][et_pb_divider color=&#8221;#FFF000&#8243; _builder_version=&#8221;4.27.6&#8243; _module_preset=&#8221;default&#8221; global_colors_info=&#8221;{}&#8221;][\/et_pb_divider][et_pb_text _builder_version=&#8221;4.27.6&#8243; _module_preset=&#8221;default&#8221; text_orientation=&#8221;center&#8221; global_colors_info=&#8221;{}&#8221;]<h3><b>Preguntas Frecuentes<\/b><\/h3>\n<p data-start=\"120\" data-end=\"199\">Resolvemos las dudas m\u00e1s comunes para que tomes decisiones con total confianza.<\/p>[\/et_pb_text][dipi_faq faq_categories=&#8221;10&#8243; _builder_version=&#8221;4.27.6&#8243; _module_preset=&#8221;default&#8221; title_closed_font=&#8221;|600|||||||&#8221; global_colors_info=&#8221;{}&#8221;][\/dipi_faq][\/et_pb_column][\/et_pb_row][\/et_pb_section]\n","protected":false},"excerpt":{"rendered":"<p>El ba\u00f1o que transforma tu rutina en bienestar Dise\u00f1o, fabricaci\u00f3n y remodelaci\u00f3n de alto nivelRenueva tu ba\u00f1o y convi\u00e9rtelo en un espacio dise\u00f1ado para relajarte, desconectar y empezar cada d\u00eda con energ\u00eda.En Macizo Colombia, creamos experiencias, no solo espacios.El ba\u00f1o dej\u00f3 de ser un espacio funcional para convertirse en un lugar de bienestar. Es ese [&hellip;]<\/p>\n","protected":false},"author":1,"featured_media":80,"parent":0,"menu_order":0,"comment_status":"closed","ping_status":"closed","template":"","meta":{"_et_pb_use_builder":"on","_et_pb_old_content":"","_et_gb_content_width":"","_joinchat":[],"footnotes":""},"dipi_cpt_category":[],"class_list":["post-25979790","page","type-page","status-publish","has-post-thumbnail","hentry"],"_links":{"self":[{"href":"https:\/\/macizocolombia.com\/remodelacion-de-espacios\/wp-json\/wp\/v2\/pages\/25979790","targetHints":{"allow":["GET"]}}],"collection":[{"href":"https:\/\/macizocolombia.com\/remodelacion-de-espacios\/wp-json\/wp\/v2\/pages"}],"about":[{"href":"https:\/\/macizocolombia.com\/remodelacion-de-espacios\/wp-json\/wp\/v2\/types\/page"}],"author":[{"embeddable":true,"href":"https:\/\/macizocolombia.com\/remodelacion-de-espacios\/wp-json\/wp\/v2\/users\/1"}],"replies":[{"embeddable":true,"href":"https:\/\/macizocolombia.com\/remodelacion-de-espacios\/wp-json\/wp\/v2\/comments?post=25979790"}],"version-history":[{"count":19,"href":"https:\/\/macizocolombia.com\/remodelacion-de-espacios\/wp-json\/wp\/v2\/pages\/25979790\/revisions"}],"predecessor-version":[{"id":25980028,"href":"https:\/\/macizocolombia.com\/remodelacion-de-espacios\/wp-json\/wp\/v2\/pages\/25979790\/revisions\/25980028"}],"wp:featuredmedia":[{"embeddable":true,"href":"https:\/\/macizocolombia.com\/remodelacion-de-espacios\/wp-json\/wp\/v2\/media\/80"}],"wp:attachment":[{"href":"https:\/\/macizocolombia.com\/remodelacion-de-espacios\/wp-json\/wp\/v2\/media?parent=25979790"}],"wp:term":[{"taxonomy":"dipi_cpt_category","embeddable":true,"href":"https:\/\/macizocolombia.com\/remodelacion-de-espacios\/wp-json\/wp\/v2\/dipi_cpt_category?post=25979790"}],"curies":[{"name":"wp","href":"https:\/\/api.w.org\/{rel}","templated":true}]}}