{"id":25979987,"date":"2026-04-16T18:10:00","date_gmt":"2026-04-16T18:10:00","guid":{"rendered":"https:\/\/macizocolombia.com\/remodelacion-de-espacios\/?page_id=25979987"},"modified":"2026-04-17T00:51:35","modified_gmt":"2026-04-17T00:51:35","slug":"closets","status":"publish","type":"page","link":"https:\/\/macizocolombia.com\/remodelacion-de-espacios\/closets\/","title":{"rendered":"Closets"},"content":{"rendered":"\n[et_pb_section fb_built=&#8221;1&#8243; _builder_version=&#8221;4.27.6&#8243; _module_preset=&#8221;default&#8221; use_background_color_gradient=&#8221;on&#8221; background_color_gradient_stops=&#8221;rgba(0,0,0,0.8) 0%|rgba(255,255,255,0) 30%&#8221; background_image=&#8221;https:\/\/macizocolombia.com\/remodelacion-de-espacios\/wp-content\/uploads\/2026\/04\/4.webp&#8221; background_blend=&#8221;overlay&#8221; height=&#8221;80vh&#8221; height_tablet=&#8221;60vh&#8221; height_phone=&#8221;30vh&#8221; height_last_edited=&#8221;on|phone&#8221; global_colors_info=&#8221;{}&#8221;][\/et_pb_section][et_pb_section fb_built=&#8221;1&#8243; _builder_version=&#8221;4.27.6&#8243; _module_preset=&#8221;default&#8221; global_colors_info=&#8221;{}&#8221;][et_pb_row disabled_on=&#8221;off|off|off&#8221; _builder_version=&#8221;4.27.6&#8243; _module_preset=&#8221;default&#8221; custom_padding=&#8221;||50px||false|false&#8221; global_colors_info=&#8221;{}&#8221;][et_pb_column type=&#8221;4_4&#8243; _builder_version=&#8221;4.27.6&#8243; _module_preset=&#8221;default&#8221; global_colors_info=&#8221;{}&#8221;][et_pb_text _builder_version=&#8221;4.27.6&#8243; _module_preset=&#8221;default&#8221; header_text_align=&#8221;center&#8221; header_text_color=&#8221;#000000&#8243; header_3_text_color=&#8221;#FFF000&#8243; z_index=&#8221;500&#8243; global_colors_info=&#8221;{}&#8221;]<h1><b>Closets que organizan tu espacio y elevan tu estilo<\/b><\/h1>[\/et_pb_text][et_pb_divider color=&#8221;#FFF000&#8243; _builder_version=&#8221;4.27.6&#8243; _module_preset=&#8221;default&#8221; width=&#8221;20%&#8221; module_alignment=&#8221;center&#8221; global_colors_info=&#8221;{}&#8221;][\/et_pb_divider][et_pb_text _builder_version=&#8221;4.27.6&#8243; _module_preset=&#8221;default&#8221; header_text_color=&#8221;#FFFFFF&#8221; header_3_text_align=&#8221;center&#8221; header_3_text_color=&#8221;#000000&#8243; z_index=&#8221;500&#8243; global_colors_info=&#8221;{}&#8221;]<h3><b>Dise\u00f1amos closets a medida que combinan funcionalidad, est\u00e9tica y materiales de alto nivel para transformar tu d\u00eda a d\u00eda.<\/b><b><\/b><\/h3>[\/et_pb_text][et_pb_text _builder_version=&#8221;4.27.6&#8243; _module_preset=&#8221;default&#8221; text_text_color=&#8221;#000000&#8243; text_orientation=&#8221;center&#8221; width=&#8221;60%&#8221; width_tablet=&#8221;80%&#8221; width_phone=&#8221;80%&#8221; width_last_edited=&#8221;on|phone&#8221; module_alignment=&#8221;center&#8221; global_colors_info=&#8221;{}&#8221;]<p>En Macizo Colombia entendemos que un buen closet no solo almacena, organiza tu vida.<br data-start=\"571\" data-end=\"574\" \/>Creamos soluciones personalizadas que optimizan cada espacio, integrando dise\u00f1o, orden y comodidad en un solo lugar.<\/p>[\/et_pb_text][et_pb_button button_text=&#8221;Pide tu Presupuesto Ahora&#8221; button_alignment=&#8221;center&#8221; _builder_version=&#8221;4.27.6&#8243; _module_preset=&#8221;default&#8221; custom_button=&#8221;on&#8221; button_text_size=&#8221;16px&#8221; button_text_color=&#8221;#FFFFFF&#8221; button_bg_color=&#8221;#000000&#8243; button_border_color=&#8221;#000000&#8243; button_font=&#8221;|600|||||||&#8221; button_icon=&#8221;&#x24;||divi||400&#8243; button_icon_color=&#8221;#FFF000&#8243; hover_enabled=&#8221;0&#8243; global_colors_info=&#8221;{}&#8221; button_url=&#8221;https:\/\/api.whatsapp.com\/send\/?phone=573186762167&#038;text=Hola%2C+necesito+m%C3%A1s+informaci%C3%B3n+sobre+sus+servicios+de+remodelaciones+en+www.macizocolombia.com&#038;type=phone_number&#038;app_absent=0&#8243; url_new_window=&#8221;on&#8221; sticky_enabled=&#8221;0&#8243;][\/et_pb_button][\/et_pb_column][\/et_pb_row][et_pb_row column_structure=&#8221;3_5,2_5&#8243; _builder_version=&#8221;4.27.6&#8243; _module_preset=&#8221;default&#8221; max_width=&#8221;100%&#8221; custom_padding=&#8221;50px||||false|false&#8221; global_colors_info=&#8221;{}&#8221;][et_pb_column type=&#8221;3_5&#8243; _builder_version=&#8221;4.27.6&#8243; _module_preset=&#8221;default&#8221; global_colors_info=&#8221;{}&#8221;][et_pb_blurb title=&#8221;Qu\u00e9 incluye&#8221; image=&#8221;https:\/\/macizocolombia.com\/remodelacion-de-espacios\/wp-content\/uploads\/2026\/04\/Macizo-icono-web.webp&#8221; icon_placement=&#8221;left&#8221; icon_placement_tablet=&#8221;&#8221; icon_placement_phone=&#8221;left&#8221; icon_placement_last_edited=&#8221;on|desktop&#8221; _builder_version=&#8221;4.27.6&#8243; _module_preset=&#8221;default&#8221; header_font=&#8221;|700|||||||&#8221; header_text_align=&#8221;left&#8221; header_font_size=&#8221;20px&#8221; header_text_align_tablet=&#8221;center&#8221; header_text_align_phone=&#8221;left&#8221; header_text_align_last_edited=&#8221;on|phone&#8221; global_colors_info=&#8221;{}&#8221;]<p data-start=\"960\" data-end=\"977\">Te asesoramos en:<\/p>\n<ul data-start=\"978\" data-end=\"1293\">\n<li data-start=\"978\" data-end=\"1054\" data-section-id=\"1mvhbz1\"><strong>Distribuci\u00f3n<\/strong> interna eficiente (colgado, cajones, zapateros, accesorios)<\/li>\n<li data-start=\"1055\" data-end=\"1140\" data-section-id=\"fbnlvc\"><strong>Selecci\u00f3n<\/strong> de materiales premium (madera maciza, melamina RH, acabados especiales)<\/li>\n<li data-start=\"1141\" data-end=\"1220\" data-section-id=\"1lqxgdt\"><strong>Sistemas<\/strong> de apertura modernos (puertas abatibles, corredizas, cierre lento)<\/li>\n<li data-start=\"1221\" data-end=\"1250\" data-section-id=\"18tdgby\"><strong>Iluminaci\u00f3n<\/strong> LED integrada<\/li>\n<li data-start=\"1251\" data-end=\"1293\" data-section-id=\"174me1b\"><strong>Soluciones<\/strong> de organizaci\u00f3n inteligente<\/li>\n<\/ul>[\/et_pb_blurb][et_pb_blurb title=&#8221;Beneficios&#8221; image=&#8221;https:\/\/macizocolombia.com\/remodelacion-de-espacios\/wp-content\/uploads\/2026\/04\/Macizo-icono-web.webp&#8221; icon_placement=&#8221;left&#8221; icon_placement_tablet=&#8221;&#8221; icon_placement_phone=&#8221;left&#8221; icon_placement_last_edited=&#8221;on|desktop&#8221; _builder_version=&#8221;4.27.6&#8243; _module_preset=&#8221;default&#8221; header_font=&#8221;|700|||||||&#8221; header_text_align=&#8221;left&#8221; header_font_size=&#8221;20px&#8221; header_text_align_tablet=&#8221;center&#8221; header_text_align_phone=&#8221;left&#8221; header_text_align_last_edited=&#8221;on|phone&#8221; global_colors_info=&#8221;{}&#8221;]<p>\u2714 M\u00e1ximo aprovechamiento del espacio<br data-start=\"1390\" data-end=\"1393\" \/>\u2714 Dise\u00f1o personalizado seg\u00fan tu estilo<br data-start=\"1431\" data-end=\"1434\" \/>\u2714 Materiales resistentes y durables<br data-start=\"1469\" data-end=\"1472\" \/>\u2714 Organizaci\u00f3n funcional y est\u00e9tica<br data-start=\"1507\" data-end=\"1510\" \/>\u2714 Integraci\u00f3n perfecta con tu ambiente<\/p>[\/et_pb_blurb][\/et_pb_column][et_pb_column type=&#8221;2_5&#8243; _builder_version=&#8221;4.27.6&#8243; _module_preset=&#8221;default&#8221; global_colors_info=&#8221;{}&#8221;][et_pb_image src=&#8221;https:\/\/macizocolombia.com\/remodelacion-de-espacios\/wp-content\/uploads\/2026\/04\/Entretenimiento-Macizo-9.webp&#8221; title_text=&#8221;Entretenimiento Macizo (9)&#8221; _builder_version=&#8221;4.27.6&#8243; _module_preset=&#8221;default&#8221; box_shadow_style=&#8221;preset3&#8243; global_colors_info=&#8221;{}&#8221;][\/et_pb_image][\/et_pb_column][\/et_pb_row][\/et_pb_section][et_pb_section fb_built=&#8221;1&#8243; _builder_version=&#8221;4.27.6&#8243; _module_preset=&#8221;default&#8221; global_colors_info=&#8221;{}&#8221;][et_pb_row column_structure=&#8221;1_4,1_4,1_4,1_4&#8243; use_custom_gutter=&#8221;on&#8221; gutter_width=&#8221;1&#8243; _builder_version=&#8221;4.27.6&#8243; _module_preset=&#8221;default&#8221; width=&#8221;100%&#8221; max_width=&#8221;100%&#8221; global_colors_info=&#8221;{}&#8221;][et_pb_column type=&#8221;1_4&#8243; _builder_version=&#8221;4.27.6&#8243; _module_preset=&#8221;default&#8221; global_colors_info=&#8221;{}&#8221;][et_pb_image src=&#8221;https:\/\/macizocolombia.com\/remodelacion-de-espacios\/wp-content\/uploads\/2026\/04\/Entretenimiento-Macizo-8.webp&#8221; title_text=&#8221;Entretenimiento Macizo (8)&#8221; _builder_version=&#8221;4.27.6&#8243; _module_preset=&#8221;default&#8221; global_colors_info=&#8221;{}&#8221;][\/et_pb_image][\/et_pb_column][et_pb_column type=&#8221;1_4&#8243; _builder_version=&#8221;4.27.6&#8243; _module_preset=&#8221;default&#8221; global_colors_info=&#8221;{}&#8221;][et_pb_image src=&#8221;https:\/\/macizocolombia.com\/remodelacion-de-espacios\/wp-content\/uploads\/2026\/04\/Entretenimiento-Macizo-7.webp&#8221; title_text=&#8221;Entretenimiento Macizo (7)&#8221; _builder_version=&#8221;4.27.6&#8243; _module_preset=&#8221;default&#8221; global_colors_info=&#8221;{}&#8221;][\/et_pb_image][\/et_pb_column][et_pb_column type=&#8221;1_4&#8243; _builder_version=&#8221;4.27.6&#8243; _module_preset=&#8221;default&#8221; global_colors_info=&#8221;{}&#8221;][et_pb_image src=&#8221;https:\/\/macizocolombia.com\/remodelacion-de-espacios\/wp-content\/uploads\/2026\/04\/Entretenimiento-Macizo-6.webp&#8221; title_text=&#8221;Entretenimiento Macizo (6)&#8221; _builder_version=&#8221;4.27.6&#8243; _module_preset=&#8221;default&#8221; global_colors_info=&#8221;{}&#8221;][\/et_pb_image][\/et_pb_column][et_pb_column type=&#8221;1_4&#8243; _builder_version=&#8221;4.27.6&#8243; _module_preset=&#8221;default&#8221; global_colors_info=&#8221;{}&#8221;][et_pb_image src=&#8221;https:\/\/macizocolombia.com\/remodelacion-de-espacios\/wp-content\/uploads\/2026\/04\/Entretenimiento-Macizo-3.webp&#8221; title_text=&#8221;Entretenimiento Macizo (3)&#8221; _builder_version=&#8221;4.27.6&#8243; _module_preset=&#8221;default&#8221; global_colors_info=&#8221;{}&#8221;][\/et_pb_image][\/et_pb_column][\/et_pb_row][et_pb_row column_structure=&#8221;3_5,2_5&#8243; _builder_version=&#8221;4.27.6&#8243; _module_preset=&#8221;default&#8221; max_width=&#8221;100%&#8221; custom_padding=&#8221;50px||||false|false&#8221; global_colors_info=&#8221;{}&#8221;][et_pb_column type=&#8221;3_5&#8243; _builder_version=&#8221;4.27.6&#8243; _module_preset=&#8221;default&#8221; global_colors_info=&#8221;{}&#8221;][et_pb_blurb title=&#8221;Producci\u00f3n&#8221; image=&#8221;https:\/\/macizocolombia.com\/remodelacion-de-espacios\/wp-content\/uploads\/2026\/04\/Macizo-icono-web.webp&#8221; icon_placement_tablet=&#8221;&#8221; icon_placement_phone=&#8221;left&#8221; icon_placement_last_edited=&#8221;on|desktop&#8221; _builder_version=&#8221;4.27.6&#8243; _module_preset=&#8221;default&#8221; header_font=&#8221;|700|||||||&#8221; header_text_align=&#8221;center&#8221; header_font_size=&#8221;20px&#8221; text_orientation=&#8221;center&#8221; header_text_align_tablet=&#8221;center&#8221; header_text_align_phone=&#8221;left&#8221; header_text_align_last_edited=&#8221;on|phone&#8221; global_colors_info=&#8221;{}&#8221;]<p><strong>Fabricaci\u00f3n propia, resultados impecables<\/strong><\/p>\n<p>Gracias a nuestra producci\u00f3n interna, garantizamos precisi\u00f3n en cada detalle, acabados de alto nivel y una integraci\u00f3n perfecta en tu espacio.<\/p>[\/et_pb_blurb][et_pb_blurb title=&#8221;Dise\u00f1o pensado para tu rutina&#8221; icon_placement_tablet=&#8221;&#8221; icon_placement_phone=&#8221;left&#8221; icon_placement_last_edited=&#8221;on|desktop&#8221; _builder_version=&#8221;4.27.6&#8243; _module_preset=&#8221;default&#8221; header_font=&#8221;|700|||||||&#8221; header_text_align=&#8221;center&#8221; header_font_size=&#8221;20px&#8221; text_orientation=&#8221;center&#8221; header_text_align_tablet=&#8221;center&#8221; header_text_align_phone=&#8221;left&#8221; header_text_align_last_edited=&#8221;on|phone&#8221; global_colors_info=&#8221;{}&#8221;]<p>Cada closet se desarrolla a partir de tus h\u00e1bitos, necesidades y tipo de uso, logrando una distribuci\u00f3n inteligente que facilita tu d\u00eda a d\u00eda.<\/p>[\/et_pb_blurb][et_pb_button button_text=&#8221;Solicita una Asesor\u00eda&#8221; button_alignment=&#8221;center&#8221; _builder_version=&#8221;4.27.6&#8243; _module_preset=&#8221;default&#8221; custom_button=&#8221;on&#8221; button_text_size=&#8221;16px&#8221; button_text_color=&#8221;#FFFFFF&#8221; button_bg_color=&#8221;#000000&#8243; button_border_color=&#8221;#000000&#8243; button_font=&#8221;|600|||||||&#8221; button_icon=&#8221;&#x24;||divi||400&#8243; button_icon_color=&#8221;#FFF000&#8243; hover_enabled=&#8221;0&#8243; locked=&#8221;off&#8221; global_colors_info=&#8221;{}&#8221; button_url=&#8221;https:\/\/api.whatsapp.com\/send\/?phone=573186762167&#038;text=Hola%2C+necesito+m%C3%A1s+informaci%C3%B3n+sobre+sus+servicios+de+remodelaciones+en+www.macizocolombia.com&#038;type=phone_number&#038;app_absent=0&#8243; url_new_window=&#8221;on&#8221; sticky_enabled=&#8221;0&#8243;][\/et_pb_button][\/et_pb_column][et_pb_column type=&#8221;2_5&#8243; _builder_version=&#8221;4.27.6&#8243; _module_preset=&#8221;default&#8221; global_colors_info=&#8221;{}&#8221;][et_pb_image src=&#8221;https:\/\/macizocolombia.com\/remodelacion-de-espacios\/wp-content\/uploads\/2026\/04\/Entretenimiento-Macizo.webp&#8221; title_text=&#8221;Entretenimiento Macizo&#8221; _builder_version=&#8221;4.27.6&#8243; _module_preset=&#8221;default&#8221; global_colors_info=&#8221;{}&#8221;][\/et_pb_image][\/et_pb_column][\/et_pb_row][\/et_pb_section][et_pb_section fb_built=&#8221;1&#8243; _builder_version=&#8221;4.27.6&#8243; _module_preset=&#8221;default&#8221; global_colors_info=&#8221;{}&#8221;][et_pb_row _builder_version=&#8221;4.27.6&#8243; _module_preset=&#8221;default&#8221; global_colors_info=&#8221;{}&#8221;][et_pb_column type=&#8221;4_4&#8243; _builder_version=&#8221;4.27.6&#8243; _module_preset=&#8221;default&#8221; global_colors_info=&#8221;{}&#8221;][et_pb_text _builder_version=&#8221;4.27.6&#8243; _module_preset=&#8221;default&#8221; text_orientation=&#8221;center&#8221; global_colors_info=&#8221;{}&#8221;]<h3><b>Una remodelaci\u00f3n sin estr\u00e9s, con respaldo profesional<br \/><\/b><\/h3>\n<p><span style=\"font-weight: 400;\">En <\/span><b>Macizo Colombia<\/b><span style=\"font-weight: 400;\"> entendemos que una remodelaci\u00f3n debe ser una experiencia positiva, por eso te ofrecemos:<\/span><\/p>[\/et_pb_text][et_pb_divider color=&#8221;#FFF000&#8243; _builder_version=&#8221;4.27.6&#8243; _module_preset=&#8221;default&#8221; global_colors_info=&#8221;{}&#8221;][\/et_pb_divider][\/et_pb_column][\/et_pb_row][et_pb_row column_structure=&#8221;1_2,1_2&#8243; _builder_version=&#8221;4.27.6&#8243; _module_preset=&#8221;default&#8221; global_colors_info=&#8221;{}&#8221;][et_pb_column type=&#8221;1_2&#8243; _builder_version=&#8221;4.27.6&#8243; _module_preset=&#8221;default&#8221; global_colors_info=&#8221;{}&#8221;][et_pb_blurb title=&#8221;Transparencia total en tu inversi\u00f3n&#8221; image=&#8221;https:\/\/macizocolombia.com\/remodelacion-de-espacios\/wp-content\/uploads\/2026\/04\/contabilidad-100.webp&#8221; image_icon_width=&#8221;60%&#8221; icon_placement_tablet=&#8221;&#8221; icon_placement_phone=&#8221;left&#8221; icon_placement_last_edited=&#8221;on|desktop&#8221; image_icon_width_tablet=&#8221;60%&#8221; image_icon_width_phone=&#8221;100%&#8221; image_icon_width_last_edited=&#8221;on|phone&#8221; _builder_version=&#8221;4.27.6&#8243; _module_preset=&#8221;default&#8221; header_font=&#8221;|700|||||||&#8221; header_text_align=&#8221;center&#8221; header_font_size=&#8221;20px&#8221; header_text_align_tablet=&#8221;center&#8221; header_text_align_phone=&#8221;left&#8221; header_text_align_last_edited=&#8221;on|phone&#8221; text_orientation_tablet=&#8221;center&#8221; text_orientation_phone=&#8221;left&#8221; text_orientation_last_edited=&#8221;on|phone&#8221; global_colors_info=&#8221;{}&#8221;]<p><span style=\"font-weight: 400;\">Desde el inicio tendr\u00e1s claridad en costos, materiales y alcance del proyecto. Sin sorpresas.<\/span><\/p>[\/et_pb_blurb][et_pb_blurb title=&#8221;Garant\u00eda y respaldo&#8221; image=&#8221;https:\/\/macizocolombia.com\/remodelacion-de-espacios\/wp-content\/uploads\/2026\/04\/garantia-100.webp&#8221; image_icon_width=&#8221;60%&#8221; icon_placement_tablet=&#8221;&#8221; icon_placement_phone=&#8221;left&#8221; icon_placement_last_edited=&#8221;on|desktop&#8221; image_icon_width_tablet=&#8221;60%&#8221; image_icon_width_phone=&#8221;100%&#8221; image_icon_width_last_edited=&#8221;on|phone&#8221; _builder_version=&#8221;4.27.6&#8243; _module_preset=&#8221;default&#8221; header_font=&#8221;|700|||||||&#8221; header_text_align=&#8221;center&#8221; header_font_size=&#8221;20px&#8221; text_orientation=&#8221;center&#8221; header_text_align_tablet=&#8221;center&#8221; header_text_align_phone=&#8221;left&#8221; header_text_align_last_edited=&#8221;on|phone&#8221; text_orientation_tablet=&#8221;center&#8221; text_orientation_phone=&#8221;left&#8221; text_orientation_last_edited=&#8221;on|desktop&#8221; global_colors_info=&#8221;{}&#8221;]<p><span style=\"font-weight: 400;\">Respaldamos la calidad de nuestros materiales y procesos, asegurando durabilidad y confianza en cada detalle.<\/span><\/p>[\/et_pb_blurb][\/et_pb_column][et_pb_column type=&#8221;1_2&#8243; _builder_version=&#8221;4.27.6&#8243; _module_preset=&#8221;default&#8221; global_colors_info=&#8221;{}&#8221;][et_pb_blurb title=&#8221;Facilidades de pago&#8221; image=&#8221;https:\/\/macizocolombia.com\/remodelacion-de-espacios\/wp-content\/uploads\/2026\/04\/tarjeta-en-uso-100.webp&#8221; image_icon_width=&#8221;70%&#8221; icon_placement_tablet=&#8221;&#8221; icon_placement_phone=&#8221;left&#8221; icon_placement_last_edited=&#8221;on|desktop&#8221; image_icon_width_tablet=&#8221;70%&#8221; image_icon_width_phone=&#8221;100%&#8221; image_icon_width_last_edited=&#8221;on|phone&#8221; _builder_version=&#8221;4.27.6&#8243; _module_preset=&#8221;default&#8221; header_font=&#8221;|700|||||||&#8221; header_text_align=&#8221;center&#8221; header_font_size=&#8221;20px&#8221; text_orientation=&#8221;center&#8221; header_text_align_tablet=&#8221;center&#8221; header_text_align_phone=&#8221;left&#8221; header_text_align_last_edited=&#8221;on|phone&#8221; text_orientation_tablet=&#8221;center&#8221; text_orientation_phone=&#8221;left&#8221; text_orientation_last_edited=&#8221;on|phone&#8221; global_colors_info=&#8221;{}&#8221;]<p><span style=\"font-weight: 400;\">Te orientamos para estructurar la mejor forma de inversi\u00f3n seg\u00fan tu proyecto.<\/span><\/p>[\/et_pb_blurb][et_pb_blurb title=&#8221;Cumplimiento en tiempos&#8221; image=&#8221;https:\/\/macizocolombia.com\/remodelacion-de-espacios\/wp-content\/uploads\/2026\/04\/calendario-100.webp&#8221; image_icon_width=&#8221;50%&#8221; icon_placement_tablet=&#8221;&#8221; icon_placement_phone=&#8221;left&#8221; icon_placement_last_edited=&#8221;on|desktop&#8221; image_icon_width_tablet=&#8221;50%&#8221; image_icon_width_phone=&#8221;90%&#8221; image_icon_width_last_edited=&#8221;on|phone&#8221; _builder_version=&#8221;4.27.6&#8243; _module_preset=&#8221;default&#8221; header_font=&#8221;|700|||||||&#8221; header_text_align=&#8221;center&#8221; header_font_size=&#8221;20px&#8221; text_orientation=&#8221;center&#8221; header_text_align_tablet=&#8221;center&#8221; header_text_align_phone=&#8221;left&#8221; header_text_align_last_edited=&#8221;on|phone&#8221; text_orientation_tablet=&#8221;center&#8221; text_orientation_phone=&#8221;left&#8221; text_orientation_last_edited=&#8221;on|phone&#8221; global_colors_info=&#8221;{}&#8221;]<p><span style=\"font-weight: 400;\">Trabajamos con cronogramas definidos para garantizar entregas oportunas.<\/span><\/p>[\/et_pb_blurb][\/et_pb_column][\/et_pb_row][\/et_pb_section][et_pb_section fb_built=&#8221;1&#8243; _builder_version=&#8221;4.27.6&#8243; _module_preset=&#8221;default&#8221; global_colors_info=&#8221;{}&#8221;][et_pb_row column_structure=&#8221;1_2,1_2&#8243; _builder_version=&#8221;4.27.6&#8243; _module_preset=&#8221;default&#8221; global_colors_info=&#8221;{}&#8221;][et_pb_column type=&#8221;1_2&#8243; _builder_version=&#8221;4.27.6&#8243; _module_preset=&#8221;default&#8221; custom_padding=&#8221;50px||||false|false&#8221; custom_padding_tablet=&#8221;0px||||false|false&#8221; custom_padding_phone=&#8221;0px||||false|false&#8221; custom_padding_last_edited=&#8221;on|phone&#8221; global_colors_info=&#8221;{}&#8221;][et_pb_image src=&#8221;https:\/\/macizocolombia.com\/remodelacion-de-espacios\/wp-content\/uploads\/2026\/04\/Entretenimiento-Macizo-4.webp&#8221; title_text=&#8221;Entretenimiento Macizo (4)&#8221; _builder_version=&#8221;4.27.6&#8243; _module_preset=&#8221;default&#8221; scroll_vertical_motion_enable=&#8221;on&#8221; scroll_vertical_motion=&#8221;0|50|50|100|0.5|0|-0.5&#8243; box_shadow_style=&#8221;preset3&#8243; global_colors_info=&#8221;{}&#8221;][\/et_pb_image][\/et_pb_column][et_pb_column type=&#8221;1_2&#8243; _builder_version=&#8221;4.27.6&#8243; _module_preset=&#8221;default&#8221; background_color=&#8221;#FFF000&#8243; custom_padding=&#8221;100px|30px|100px|30px|true|true&#8221; global_colors_info=&#8221;{}&#8221;][et_pb_text _builder_version=&#8221;4.27.6&#8243; _module_preset=&#8221;default&#8221; text_orientation=&#8221;center&#8221; global_colors_info=&#8221;{}&#8221;]<h3 data-start=\"1831\" data-end=\"1871\" data-section-id=\"r6d0wv\">M\u00e1s orden, m\u00e1s dise\u00f1o, m\u00e1s bienestar<b><\/b><\/h3>\n<p>&nbsp;<\/p>\n<p>Un closet bien dise\u00f1ado transforma tu rutina diaria.<br data-start=\"1924\" data-end=\"1927\" \/>En Macizo Colombia creamos espacios que se ven bien, se sienten mejor y funcionan perfectamente.<\/p>[\/et_pb_text][et_pb_button button_text=&#8221;Pide tu Presupuesto Ahora&#8221; button_alignment=&#8221;center&#8221; _builder_version=&#8221;4.27.6&#8243; _module_preset=&#8221;default&#8221; custom_button=&#8221;on&#8221; button_text_size=&#8221;16px&#8221; button_text_color=&#8221;#FFFFFF&#8221; button_bg_color=&#8221;#000000&#8243; button_border_color=&#8221;#000000&#8243; button_font=&#8221;|600|||||||&#8221; button_icon=&#8221;&#x24;||divi||400&#8243; button_icon_color=&#8221;#FFF000&#8243; hover_enabled=&#8221;0&#8243; locked=&#8221;off&#8221; global_colors_info=&#8221;{}&#8221; button_url=&#8221;https:\/\/api.whatsapp.com\/send\/?phone=573186762167&#038;text=Hola%2C+necesito+m%C3%A1s+informaci%C3%B3n+sobre+sus+servicios+de+remodelaciones+en+www.macizocolombia.com&#038;type=phone_number&#038;app_absent=0&#8243; url_new_window=&#8221;on&#8221; sticky_enabled=&#8221;0&#8243;][\/et_pb_button][\/et_pb_column][\/et_pb_row][et_pb_row _builder_version=&#8221;4.27.6&#8243; _module_preset=&#8221;default&#8221; global_colors_info=&#8221;{}&#8221;][et_pb_column type=&#8221;4_4&#8243; _builder_version=&#8221;4.27.6&#8243; _module_preset=&#8221;default&#8221; global_colors_info=&#8221;{}&#8221;][et_pb_divider color=&#8221;#FFF000&#8243; _builder_version=&#8221;4.27.6&#8243; _module_preset=&#8221;default&#8221; global_colors_info=&#8221;{}&#8221;][\/et_pb_divider][et_pb_text _builder_version=&#8221;4.27.6&#8243; _module_preset=&#8221;default&#8221; text_orientation=&#8221;center&#8221; global_colors_info=&#8221;{}&#8221;]<h3><b>Preguntas Frecuentes<\/b><\/h3>\n<p data-start=\"120\" data-end=\"199\">Resolvemos las dudas m\u00e1s comunes para que tomes decisiones con total confianza.<\/p>[\/et_pb_text][dipi_faq faq_categories=&#8221;10&#8243; _builder_version=&#8221;4.27.6&#8243; _module_preset=&#8221;default&#8221; title_closed_font=&#8221;|600|||||||&#8221; global_colors_info=&#8221;{}&#8221;][\/dipi_faq][\/et_pb_column][\/et_pb_row][\/et_pb_section]\n","protected":false},"excerpt":{"rendered":"<p>Closets que organizan tu espacio y elevan tu estiloDise\u00f1amos closets a medida que combinan funcionalidad, est\u00e9tica y materiales de alto nivel para transformar tu d\u00eda a d\u00eda.En Macizo Colombia entendemos que un buen closet no solo almacena, organiza tu vida.Creamos soluciones personalizadas que optimizan cada espacio, integrando dise\u00f1o, orden y comodidad en un solo lugar.Te [&hellip;]<\/p>\n","protected":false},"author":1,"featured_media":80,"parent":0,"menu_order":0,"comment_status":"closed","ping_status":"closed","template":"","meta":{"_et_pb_use_builder":"on","_et_pb_old_content":"","_et_gb_content_width":"","_joinchat":[],"footnotes":""},"dipi_cpt_category":[],"class_list":["post-25979987","page","type-page","status-publish","has-post-thumbnail","hentry"],"_links":{"self":[{"href":"https:\/\/macizocolombia.com\/remodelacion-de-espacios\/wp-json\/wp\/v2\/pages\/25979987","targetHints":{"allow":["GET"]}}],"collection":[{"href":"https:\/\/macizocolombia.com\/remodelacion-de-espacios\/wp-json\/wp\/v2\/pages"}],"about":[{"href":"https:\/\/macizocolombia.com\/remodelacion-de-espacios\/wp-json\/wp\/v2\/types\/page"}],"author":[{"embeddable":true,"href":"https:\/\/macizocolombia.com\/remodelacion-de-espacios\/wp-json\/wp\/v2\/users\/1"}],"replies":[{"embeddable":true,"href":"https:\/\/macizocolombia.com\/remodelacion-de-espacios\/wp-json\/wp\/v2\/comments?post=25979987"}],"version-history":[{"count":10,"href":"https:\/\/macizocolombia.com\/remodelacion-de-espacios\/wp-json\/wp\/v2\/pages\/25979987\/revisions"}],"predecessor-version":[{"id":25980029,"href":"https:\/\/macizocolombia.com\/remodelacion-de-espacios\/wp-json\/wp\/v2\/pages\/25979987\/revisions\/25980029"}],"wp:featuredmedia":[{"embeddable":true,"href":"https:\/\/macizocolombia.com\/remodelacion-de-espacios\/wp-json\/wp\/v2\/media\/80"}],"wp:attachment":[{"href":"https:\/\/macizocolombia.com\/remodelacion-de-espacios\/wp-json\/wp\/v2\/media?parent=25979987"}],"wp:term":[{"taxonomy":"dipi_cpt_category","embeddable":true,"href":"https:\/\/macizocolombia.com\/remodelacion-de-espacios\/wp-json\/wp\/v2\/dipi_cpt_category?post=25979987"}],"curies":[{"name":"wp","href":"https:\/\/api.w.org\/{rel}","templated":true}]}}